{"id":3414,"date":"2024-11-03T07:35:17","date_gmt":"2024-11-03T07:35:17","guid":{"rendered":"https:\/\/theairlab.com\/jwbst25\/?page_id=3414"},"modified":"2025-06-12T08:28:22","modified_gmt":"2025-06-12T07:28:22","slug":"mixing-and-mastering-engineer","status":"publish","type":"page","link":"https:\/\/theairlab.com\/fr\/lingenieur-de-mixage-et-de-mastering\/","title":{"rendered":"Biographie de l'ing\u00e9nieur en mixage et mastering Jerome Schmitt"},"content":{"rendered":"\t\t<div data-elementor-type=\"wp-page\" data-elementor-id=\"3414\" class=\"elementor elementor-3414\" data-elementor-post-type=\"page\">\n\t\t\t\t<div class=\"elementor-element elementor-element-bc2c170 e-con-full animated-slow e-flex elementor-invisible e-con e-parent\" data-id=\"bc2c170\" data-element_type=\"container\" data-settings=\"{&quot;shape_divider_bottom&quot;:&quot;tilt&quot;,&quot;background_background&quot;:&quot;classic&quot;,&quot;animation&quot;:&quot;fadeIn&quot;}\">\n\t\t\t\t<div class=\"elementor-shape elementor-shape-bottom\" aria-hidden=\"true\" data-negative=\"false\">\n\t\t\t<svg xmlns=\"http:\/\/www.w3.org\/2000\/svg\" viewBox=\"0 0 1000 100\" preserveAspectRatio=\"none\">\n\t<path class=\"elementor-shape-fill\" d=\"M0,6V0h1000v100L0,6z\"\/>\n<\/svg>\t\t<\/div>\n\t\t<div class=\"elementor-element elementor-element-a737592 e-con-full e-flex e-con e-child\" data-id=\"a737592\" data-element_type=\"container\" data-settings=\"{&quot;background_background&quot;:&quot;slideshow&quot;,&quot;background_slideshow_gallery&quot;:[{&quot;id&quot;:3233,&quot;url&quot;:&quot;https:\\\/\\\/theairlab.com\\\/wp-content\\\/uploads\\\/2024\\\/11\\\/miloco-engineer-824.jpg&quot;}],&quot;background_slideshow_slide_duration&quot;:5000,&quot;background_slideshow_slide_transition&quot;:&quot;fade&quot;,&quot;background_slideshow_transition_duration&quot;:500}\">\n\t\t\t\t<div class=\"elementor-element elementor-element-2021f71 animated-slow elementor-invisible elementor-widget elementor-widget-heading\" data-id=\"2021f71\" data-element_type=\"widget\" data-settings=\"{&quot;_animation&quot;:&quot;fadeIn&quot;}\" data-widget_type=\"heading.default\">\n\t\t\t\t<div class=\"elementor-widget-container\">\n\t\t\t\t\t<h1 class=\"elementor-heading-title elementor-size-default\">JEROME SCHMITT<\/h1>\t\t\t\t<\/div>\n\t\t\t\t<\/div>\n\t\t\t\t<div class=\"elementor-element elementor-element-0a9d4cb animated-slow elementor-invisible elementor-widget elementor-widget-text-editor\" data-id=\"0a9d4cb\" data-element_type=\"widget\" data-settings=\"{&quot;_animation&quot;:&quot;fadeIn&quot;}\" data-widget_type=\"text-editor.default\">\n\t\t\t\t<div class=\"elementor-widget-container\">\n\t\t\t\t\t\t\t\t\t<p><span style=\"background: rgba(0,0,0,0.6);\">Ing\u00e9nieur de Mixage et de Mastering<\/span><\/p>\t\t\t\t\t\t\t\t<\/div>\n\t\t\t\t<\/div>\n\t\t\t\t<div class=\"elementor-element elementor-element-be5113f elementor-align-center animated-slow elementor-invisible elementor-widget elementor-widget-button\" data-id=\"be5113f\" data-element_type=\"widget\" data-settings=\"{&quot;_animation&quot;:&quot;fadeIn&quot;}\" data-widget_type=\"button.default\">\n\t\t\t\t<div class=\"elementor-widget-container\">\n\t\t\t\t\t\t\t\t\t<div class=\"elementor-button-wrapper\">\n\t\t\t\t\t<a class=\"elementor-button elementor-button-link elementor-size-sm\" href=\"#contact\">\n\t\t\t\t\t\t<span class=\"elementor-button-content-wrapper\">\n\t\t\t\t\t\t\t\t\t<span class=\"elementor-button-text\">Me Contacter<\/span>\n\t\t\t\t\t<\/span>\n\t\t\t\t\t<\/a>\n\t\t\t\t<\/div>\n\t\t\t\t\t\t\t\t<\/div>\n\t\t\t\t<\/div>\n\t\t\t\t<\/div>\n\t\t\t\t<\/div>\n\t\t<div class=\"elementor-element elementor-element-357135a8 animated-slow e-flex e-con-boxed elementor-invisible e-con e-parent\" data-id=\"357135a8\" data-element_type=\"container\" data-settings=\"{&quot;background_background&quot;:&quot;classic&quot;,&quot;animation&quot;:&quot;fadeIn&quot;}\">\n\t\t\t\t\t<div class=\"e-con-inner\">\n\t\t<div class=\"elementor-element elementor-element-35e9f37b e-con-full e-flex e-con e-child\" data-id=\"35e9f37b\" data-element_type=\"container\" data-settings=\"{&quot;background_background&quot;:&quot;classic&quot;}\">\n\t\t\t\t<div class=\"elementor-element elementor-element-6599e0e2 animated-slow elementor-invisible elementor-widget elementor-widget-text-editor\" data-id=\"6599e0e2\" data-element_type=\"widget\" data-settings=\"{&quot;_animation&quot;:&quot;fadeIn&quot;}\" data-widget_type=\"text-editor.default\">\n\t\t\t\t<div class=\"elementor-widget-container\">\n\t\t\t\t\t\t\t\t\t<small style=\"font-size: 12.8px; font-family: 'Open Sans'; -webkit-text-stroke-color: rgba(0, 0, 0, 0); -webkit-text-stroke-width: 1px;\">\nPour contacter Jerome : \n<a style=\"color: #1097f4; text-decoration: none; transition-duration: 0.3s; transition-timing-function: ease-in-out; transition-property: color;\" href=\"mailto:jerome@theairlab.com?Subject=The%20Airlab%20-%20Mastering%20enquiry.\" target=\"_top\">jerome@theairlab.com<\/a>\n(Photo : Avec l&rsquo;aimable autorisation de \u00ab\u00a0<a style=\"color: #1097f4; text-decoration: none; transition-duration: 0.3s; transition-timing-function: ease-in-out; transition-property: color;\" href=\"http:\/\/www.pierce-entertainment.com\/\" target=\"_blank\" rel=\"nofollow noopener\">The Pierce Rooms Mastering<\/a> &#8211; Hammersmith &#8211; Londres\u00a0\u00bb &#8211; 2016)\n<\/small>\n<br style=\"font-size: 16px; font-family: 'Open Sans'; -webkit-text-stroke-color: rgba(0, 0, 0, 0); -webkit-text-stroke-width: 1px;\" \/>\n<br style=\"font-size: 16px; font-family: 'Open Sans'; -webkit-text-stroke-color: rgba(0, 0, 0, 0); -webkit-text-stroke-width: 1px;\" \/>\n<p style=\"font-size: 16px; font-style: normal; margin-top: 15px; margin-bottom: 15px; font-family: 'Open Sans'; -webkit-text-stroke-color: rgba(0, 0, 0, 0); -webkit-text-stroke-width: 1px;\">\nJerome Schmitt travaille dans le mastering depuis 25 ans, avec une solide exp\u00e9rience en production musicale et en tant qu\u2019ing\u00e9nieur du son.\n<\/p>\n<p style=\"font-size: 16px; font-style: normal; margin-top: 15px; margin-bottom: 15px; font-family: 'Open Sans'; -webkit-text-stroke-color: rgba(0, 0, 0, 0); -webkit-text-stroke-width: 1px;\">\nAu cours de cette p\u00e9riode, il a collabor\u00e9 avec d\u2019autres grands ing\u00e9nieurs de mastering londoniens comme Bunt Stafford-Clarck (<strong>Townhouse<\/strong>) au \u00ab\u00a0The Pierce Room\u00a0\u00bb, John Webber (<strong>Air Studio<\/strong>) chez \u00ab\u00a0Blue Pro Mastering\u00a0\u00bb et John Voda chez \u201c10th Planet\u201d, o\u00f9 il a travaill\u00e9 sur une grande partie du catalogue <strong>Ninja Tune<\/strong> et <strong>Big Dada<\/strong>, incluant le premier album du producteur <strong>Diplo<\/strong> \u00ab\u00a0Florida\u00a0\u00bb, <strong>Amon Tobin<\/strong> \u00ab\u00a0Solid Steel\u00a0\u00bb, <strong>Luke Vibert<\/strong> \u00ab\u00a0Sorry I made you Lush\u00a0\u00bb, <strong>Hexstatic<\/strong>, et <strong>Cinematic Orchestra<\/strong>, pour n\u2019en nommer que quelques-uns.\n<\/p>\n<span style=\"font-size: 16px; font-family: 'Open Sans'; -webkit-text-stroke-color: rgba(0, 0, 0, 0); -webkit-text-stroke-width: 1px; background-color: #ffffff;\">\nJerome s&rsquo;est \u00e9galement impos\u00e9 comme mixeur de doublage et designer sonore pour la t\u00e9l\u00e9vision (BT Sport\/Amazon) chez \u00ab\u00a0BT Studios\u00a0\u00bb \u00e0 Londres, et pour des projets vid\u00e9o pour Sony Music, Virgin, Orange, ainsi que diverses bandes-annonces de films. Sa production musicale offre un m\u00e9lange unique de trip-hop, d&rsquo;\u00e9lectronica et de nu-jazz post-\u00e9lectronique, et a \u00e9t\u00e9 publi\u00e9e par <strong>Just Isn&rsquo;t Music<\/strong> (Ninja Tune).\n<\/span>\n<br style=\"font-size: 16px; font-family: 'Open Sans'; -webkit-text-stroke-color: rgba(0, 0, 0, 0); -webkit-text-stroke-width: 1px;\" \/>\n<br style=\"font-size: 16px; font-family: 'Open Sans'; -webkit-text-stroke-color: rgba(0, 0, 0, 0); -webkit-text-stroke-width: 1px;\" \/>\n<span style=\"font-size: 16px; font-family: 'Open Sans'; -webkit-text-stroke-color: rgba(0, 0, 0, 0); -webkit-text-stroke-width: 1px; background-color: #ffffff;\">\nJerome a d\u00e9but\u00e9 sa carri\u00e8re dans l\u2019industrie musicale comme guitariste principal et producteur du groupe de rock <strong>Corpus Delicti<\/strong> en 1993. Apr\u00e8s avoir produit les trois albums du groupe et tourn\u00e9 dans le monde entier, Jerome s\u2019est concentr\u00e9 sur ses d\u00e9buts en studio en tant qu\u2019ing\u00e9nieur de mixage et de mastering dans le sud de la France, en 1997.\n<\/span>\n<br style=\"font-size: 16px; font-family: 'Open Sans'; -webkit-text-stroke-color: rgba(0, 0, 0, 0); -webkit-text-stroke-width: 1px;\" \/>\n<br style=\"font-size: 16px; font-family: 'Open Sans'; -webkit-text-stroke-color: rgba(0, 0, 0, 0); -webkit-text-stroke-width: 1px;\" \/>\n<p style=\"font-size: 16px; font-style: normal; margin-top: 15px; margin-bottom: 15px; font-family: 'Open Sans'; -webkit-text-stroke-color: rgba(0, 0, 0, 0); -webkit-text-stroke-width: 1px;\">\n<em style=\"color: rgba(4, 111, 186, 0.76);\"><strong>Cr\u00e9dits s\u00e9lectionn\u00e9s :<\/strong> Diplo, Jake Miller, Biz Markie, Three 6 Mafia, T.I., Kool G Rap, Busta Rhymes, Daddy Kane, Space, Alt-J, Matthew Robertson, John Foxx &#038; Robin Guthrie, Mr. Scruff, Ty, Pitman, Coldcut, Kid Koala, Cinematic Orchestra, Loka, Skalpel, Amon Tobin, Jagga Jazzist, Hexstatic, Luke Vibert (Wagon Christ), Bigg Jus, Infinite Livez, TTC, Spank Rocks, NMS, DefTex, Bad Manners, Roots Manuva, Warren Suicide, A1 People, Metamatics, Plumbline, Spork, The Rocks, Bromide, Naba Napalm, Pop Levi, La Methode, Speech Debelle, The Qemists, The Death Set, Thunderheist, The Loose Cannons, Xrabit + DMG$, Vlsonn&#8230;<\/em>\n<\/p>\n<p style=\"font-size: 16px; font-style: normal; margin-top: 15px; margin-bottom: 0px; font-family: 'Open Sans'; -webkit-text-stroke-color: rgba(0, 0, 0, 0); -webkit-text-stroke-width: 1px;\">\n<em style=\"color: rgba(4, 111, 186, 0.76);\"><strong>Labels :<\/strong> Extreme Music, Sony, Big Dada, Ninja Tunes, Son Records, More Protein Records, Jungle Records, Scratchy Records + compilations pour Mojo, Qmag, DJ Mag et Kerrang.<\/em>\n<\/p>\t\t\t\t\t\t\t\t<\/div>\n\t\t\t\t<\/div>\n\t\t\t\t<\/div>\n\t\t<div class=\"elementor-element elementor-element-649107b e-con-full animated-slow e-flex elementor-invisible e-con e-child\" data-id=\"649107b\" data-element_type=\"container\" data-settings=\"{&quot;animation&quot;:&quot;fadeIn&quot;}\">\n\t\t\t\t<\/div>\n\t\t\t\t\t<\/div>\n\t\t\t\t<\/div>\n\t\t<div class=\"elementor-element elementor-element-69ae46b e-flex e-con-boxed e-con e-parent\" data-id=\"69ae46b\" data-element_type=\"container\">\n\t\t\t\t\t<div class=\"e-con-inner\">\n\t\t\t\t<div class=\"elementor-element elementor-element-61012a0 elementor-widget elementor-widget-menu-anchor\" data-id=\"61012a0\" data-element_type=\"widget\" data-widget_type=\"menu-anchor.default\">\n\t\t\t\t<div class=\"elementor-widget-container\">\n\t\t\t\t\t\t\t<div class=\"elementor-menu-anchor\" id=\"contact\"><\/div>\n\t\t\t\t\t\t<\/div>\n\t\t\t\t<\/div>\n\t\t\t\t\t<\/div>\n\t\t\t\t<\/div>\n\t\t\t\t<\/div>\n\t\t","protected":false},"excerpt":{"rendered":"<p>JEROME SCHMITT Mixing and Mastering Engineer Contact Me To contact Jerome:\u00a0jerome@theairlab.com (Photo: Courtesy of \u00ab\u00a0The Pierce Rooms Mastering\u00a0&#8211; Hammersmith &#8211; [&hellip;]<\/p>\n","protected":false},"author":1,"featured_media":0,"parent":0,"menu_order":0,"comment_status":"closed","ping_status":"closed","template":"","meta":{"site-sidebar-layout":"no-sidebar","site-content-layout":"","ast-site-content-layout":"full-width-container","site-content-style":"default","site-sidebar-style":"default","ast-global-header-display":"","ast-banner-title-visibility":"","ast-main-header-display":"","ast-hfb-above-header-display":"","ast-hfb-below-header-display":"","ast-hfb-mobile-header-display":"","site-post-title":"disabled","ast-breadcrumbs-content":"","ast-featured-img":"disabled","footer-sml-layout":"","theme-transparent-header-meta":"default","adv-header-id-meta":"","stick-header-meta":"default","header-above-stick-meta":"","header-main-stick-meta":"","header-below-stick-meta":"","astra-migrate-meta-layouts":"set","ast-page-background-enabled":"default","ast-page-background-meta":{"desktop":{"background-color":"var(--ast-global-color-4)","background-image":"","background-repeat":"repeat","background-position":"center center","background-size":"auto","background-attachment":"scroll","background-type":"","background-media":"","overlay-type":"","overlay-color":"","overlay-opacity":"","overlay-gradient":""},"tablet":{"background-color":"","background-image":"","background-repeat":"repeat","background-position":"center center","background-size":"auto","background-attachment":"scroll","background-type":"","background-media":"","overlay-type":"","overlay-color":"","overlay-opacity":"","overlay-gradient":""},"mobile":{"background-color":"","background-image":"","background-repeat":"repeat","background-position":"center center","background-size":"auto","background-attachment":"scroll","background-type":"","background-media":"","overlay-type":"","overlay-color":"","overlay-opacity":"","overlay-gradient":""}},"ast-content-background-meta":{"desktop":{"background-color":"var(--ast-global-color-5)","background-image":"","background-repeat":"repeat","background-position":"center center","background-size":"auto","background-attachment":"scroll","background-type":"","background-media":"","overlay-type":"","overlay-color":"","overlay-opacity":"","overlay-gradient":""},"tablet":{"background-color":"var(--ast-global-color-5)","background-image":"","background-repeat":"repeat","background-position":"center center","background-size":"auto","background-attachment":"scroll","background-type":"","background-media":"","overlay-type":"","overlay-color":"","overlay-opacity":"","overlay-gradient":""},"mobile":{"background-color":"var(--ast-global-color-5)","background-image":"","background-repeat":"repeat","background-position":"center center","background-size":"auto","background-attachment":"scroll","background-type":"","background-media":"","overlay-type":"","overlay-color":"","overlay-opacity":"","overlay-gradient":""}},"footnotes":""},"class_list":["post-3414","page","type-page","status-publish","hentry"],"_links":{"self":[{"href":"https:\/\/theairlab.com\/fr\/wp-json\/wp\/v2\/pages\/3414","targetHints":{"allow":["GET"]}}],"collection":[{"href":"https:\/\/theairlab.com\/fr\/wp-json\/wp\/v2\/pages"}],"about":[{"href":"https:\/\/theairlab.com\/fr\/wp-json\/wp\/v2\/types\/page"}],"author":[{"embeddable":true,"href":"https:\/\/theairlab.com\/fr\/wp-json\/wp\/v2\/users\/1"}],"replies":[{"embeddable":true,"href":"https:\/\/theairlab.com\/fr\/wp-json\/wp\/v2\/comments?post=3414"}],"version-history":[{"count":1,"href":"https:\/\/theairlab.com\/fr\/wp-json\/wp\/v2\/pages\/3414\/revisions"}],"predecessor-version":[{"id":6663,"href":"https:\/\/theairlab.com\/fr\/wp-json\/wp\/v2\/pages\/3414\/revisions\/6663"}],"wp:attachment":[{"href":"https:\/\/theairlab.com\/fr\/wp-json\/wp\/v2\/media?parent=3414"}],"curies":[{"name":"wp","href":"https:\/\/api.w.org\/{rel}","templated":true}]}}