{"id":4822,"date":"2024-12-29T16:52:10","date_gmt":"2024-12-29T16:52:10","guid":{"rendered":"https:\/\/theairlab.com\/?page_id=4822"},"modified":"2025-06-12T14:35:58","modified_gmt":"2025-06-12T13:35:58","slug":"cd-mastering","status":"publish","type":"page","link":"https:\/\/theairlab.com\/fr\/mastering-cd\/","title":{"rendered":"Solution de services de mastering CD haut de gamme"},"content":{"rendered":"\t\t<div data-elementor-type=\"wp-page\" data-elementor-id=\"4822\" class=\"elementor elementor-4822\" data-elementor-post-type=\"page\">\n\t\t\t\t<div class=\"elementor-element elementor-element-d962782 e-flex e-con-boxed e-con e-parent\" data-id=\"d962782\" data-element_type=\"container\">\n\t\t\t\t\t<div class=\"e-con-inner\">\n\t\t<div class=\"elementor-element elementor-element-fb87c0b e-con-full e-flex e-con e-child\" data-id=\"fb87c0b\" data-element_type=\"container\">\n\t\t\t\t<div class=\"elementor-element elementor-element-106fd70 elementor-widget elementor-widget-heading\" data-id=\"106fd70\" data-element_type=\"widget\" data-widget_type=\"heading.default\">\n\t\t\t\t<div class=\"elementor-widget-container\">\n\t\t\t\t\t<h1 class=\"elementor-heading-title elementor-size-default\">Mastering Pour CD<\/h1>\t\t\t\t<\/div>\n\t\t\t\t<\/div>\n\t\t\t\t<div class=\"elementor-element elementor-element-95a1ba5 elementor-widget elementor-widget-text-editor\" data-id=\"95a1ba5\" data-element_type=\"widget\" data-widget_type=\"text-editor.default\">\n\t\t\t\t<div class=\"elementor-widget-container\">\n\t\t\t\t\t\t\t\t\t<p>Pour la sortie commerciale de votre musique sur CD, il est essentiel de cr\u00e9er un master qui respecte la norme CD \u00ab\u00a0Red Book\u00a0\u00bb. Chez <strong>The Airlab<\/strong>, notre service de mastering CD garantit que votre musique r\u00e9pond \u00e0 ces exigences strictes, vous offrant un master professionnel pr\u00eat pour la duplication ou la r\u00e9plication.<\/p><p>Notre processus de mastering CD am\u00e9liore consid\u00e9rablement la qualit\u00e9 sonore de votre musique, en veillant \u00e0 ce que chaque morceau atteigne l&rsquo;\u00e9quilibre et la clart\u00e9 parfaits. Nous s\u00e9quencerons \u00e9galement vos morceaux dans le bon ordre et les \u00e9diterons pour cr\u00e9er une exp\u00e9rience musicale fluide et agr\u00e9able. Cette attention aux d\u00e9tails garantit que votre album offre un son de haute qualit\u00e9 du d\u00e9but \u00e0 la fin.<\/p><p>Le master que nous cr\u00e9ons peut \u00eatre livr\u00e9 sous forme de master physique CD-DA ou sous forme de fichier DDP. Les deux formats sont pleinement conformes \u00e0 la norme \u00ab\u00a0Red Book\u00a0\u00bb, garantissant que votre master est pr\u00eat pour une sortie commerciale. Que vous ayez besoin d\u2019un master physique pour le pressage ou d\u2019un ensemble de fichiers num\u00e9riques pour la distribution en ligne, <strong>The Airlab<\/strong> vous offre un mastering audio de la plus haute qualit\u00e9, adapt\u00e9 \u00e0 vos besoins.<\/p>\t\t\t\t\t\t\t\t<\/div>\n\t\t\t\t<\/div>\n\t\t\t\t<\/div>\n\t\t<div class=\"elementor-element elementor-element-bde889b e-con-full e-flex e-con e-child\" data-id=\"bde889b\" data-element_type=\"container\">\n\t\t\t\t<div class=\"elementor-element elementor-element-4f29b9d elementor-widget elementor-widget-image\" data-id=\"4f29b9d\" data-element_type=\"widget\" data-widget_type=\"image.default\">\n\t\t\t\t<div class=\"elementor-widget-container\">\n\t\t\t\t\t\t\t\t\t\t\t\t\t\t\t<img fetchpriority=\"high\" decoding=\"async\" width=\"612\" height=\"612\" src=\"https:\/\/theairlab.com\/wp-content\/uploads\/2024\/11\/ABOUT_US_studio1.jpg\" class=\"attachment-full size-full wp-image-3230\" alt=\"The Airlab Studio - Mastering For CD\" srcset=\"https:\/\/theairlab.com\/wp-content\/uploads\/2024\/11\/ABOUT_US_studio1.jpg 612w, https:\/\/theairlab.com\/wp-content\/uploads\/2024\/11\/ABOUT_US_studio1-300x300.jpg 300w, https:\/\/theairlab.com\/wp-content\/uploads\/2024\/11\/ABOUT_US_studio1-100x100.jpg 100w, https:\/\/theairlab.com\/wp-content\/uploads\/2024\/11\/ABOUT_US_studio1-600x600.jpg 600w, https:\/\/theairlab.com\/wp-content\/uploads\/2024\/11\/ABOUT_US_studio1-150x150.jpg 150w\" sizes=\"(max-width: 612px) 100vw, 612px\" title=\"\">\t\t\t\t\t\t\t\t\t\t\t\t\t\t\t<\/div>\n\t\t\t\t<\/div>\n\t\t\t\t<\/div>\n\t\t\t\t\t<\/div>\n\t\t\t\t<\/div>\n\t\t<div class=\"elementor-element elementor-element-4a89dc4 e-flex e-con-boxed e-con e-parent\" data-id=\"4a89dc4\" data-element_type=\"container\">\n\t\t\t\t\t<div class=\"e-con-inner\">\n\t\t\t\t<div class=\"elementor-element elementor-element-519c730 elementor-widget elementor-widget-heading\" data-id=\"519c730\" data-element_type=\"widget\" data-widget_type=\"heading.default\">\n\t\t\t\t<div class=\"elementor-widget-container\">\n\t\t\t\t\t<h3 class=\"elementor-heading-title elementor-size-default\">Pourquoi choisir The Airlab pour le Mastering CD?<\/h3>\t\t\t\t<\/div>\n\t\t\t\t<\/div>\n\t\t\t\t\t<\/div>\n\t\t\t\t<\/div>\n\t\t<div class=\"elementor-element elementor-element-d7723fa e-flex e-con-boxed e-con e-parent\" data-id=\"d7723fa\" data-element_type=\"container\">\n\t\t\t\t\t<div class=\"e-con-inner\">\n\t\t<div class=\"elementor-element elementor-element-f17a724 e-con-full e-flex e-con e-child\" data-id=\"f17a724\" data-element_type=\"container\">\n\t\t\t\t<div class=\"elementor-element elementor-element-322bf74 elementor-widget elementor-widget-text-editor\" data-id=\"322bf74\" data-element_type=\"widget\" data-widget_type=\"text-editor.default\">\n\t\t\t\t<div class=\"elementor-widget-container\">\n\t\t\t\t\t\t\t\t\t<p>Chez <strong>The Airlab<\/strong>, nous utilisons des \u00e9quipements analogiques haut de gamme dans notre studio de mastering pour sublimer les caract\u00e9ristiques sonores de votre musique. Nos ing\u00e9nieurs mastering professionnels, forts de plus de 25 ans d&rsquo;exp\u00e9rience, apportent leur expertise \u00e0 chaque projet, garantissant que vos morceaux re\u00e7oivent le traitement qu&rsquo;ils m\u00e9ritent.<\/p><p>Vous pouvez faire confiance \u00e0 <strong>The Airlab<\/strong> pour vous offrir le meilleur service de mastering CD. Notre engagement envers la qualit\u00e9 et la pr\u00e9cision assure que votre musique se distingue, offrant ainsi une exp\u00e9rience d&rsquo;\u00e9coute exceptionnelle \u00e0 votre public.<\/p><p>Nous mettons tout en \u0153uvre pour que votre musique atteigne son plein potentiel.<\/p>\t\t\t\t\t\t\t\t<\/div>\n\t\t\t\t<\/div>\n\t\t\t\t<\/div>\n\t\t\t\t\t<\/div>\n\t\t\t\t<\/div>\n\t\t<div class=\"elementor-element elementor-element-32a98b0 e-flex e-con-boxed e-con e-parent\" data-id=\"32a98b0\" data-element_type=\"container\">\n\t\t\t\t\t<div class=\"e-con-inner\">\n\t\t\t\t<div class=\"elementor-element elementor-element-f930e5e elementor-widget elementor-widget-menu-anchor\" data-id=\"f930e5e\" data-element_type=\"widget\" data-widget_type=\"menu-anchor.default\">\n\t\t\t\t<div class=\"elementor-widget-container\">\n\t\t\t\t\t\t\t<div class=\"elementor-menu-anchor\" id=\"contact\"><\/div>\n\t\t\t\t\t\t<\/div>\n\t\t\t\t<\/div>\n\t\t\t\t\t<\/div>\n\t\t\t\t<\/div>\n\t\t\t\t<\/div>\n\t\t","protected":false},"excerpt":{"rendered":"<p>CD Mastering To commercially release your music on CD, it is essential to create a master that follows the &lsquo;Red [&hellip;]<\/p>\n","protected":false},"author":1,"featured_media":0,"parent":0,"menu_order":0,"comment_status":"closed","ping_status":"closed","template":"","meta":{"site-sidebar-layout":"no-sidebar","site-content-layout":"","ast-site-content-layout":"full-width-container","site-content-style":"default","site-sidebar-style":"default","ast-global-header-display":"","ast-banner-title-visibility":"","ast-main-header-display":"","ast-hfb-above-header-display":"","ast-hfb-below-header-display":"","ast-hfb-mobile-header-display":"","site-post-title":"disabled","ast-breadcrumbs-content":"","ast-featured-img":"disabled","footer-sml-layout":"","theme-transparent-header-meta":"default","adv-header-id-meta":"","stick-header-meta":"default","header-above-stick-meta":"","header-main-stick-meta":"","header-below-stick-meta":"","astra-migrate-meta-layouts":"set","ast-page-background-enabled":"default","ast-page-background-meta":{"desktop":{"background-color":"var(--ast-global-color-4)","background-image":"","background-repeat":"repeat","background-position":"center center","background-size":"auto","background-attachment":"scroll","background-type":"","background-media":"","overlay-type":"","overlay-color":"","overlay-opacity":"","overlay-gradient":""},"tablet":{"background-color":"","background-image":"","background-repeat":"repeat","background-position":"center center","background-size":"auto","background-attachment":"scroll","background-type":"","background-media":"","overlay-type":"","overlay-color":"","overlay-opacity":"","overlay-gradient":""},"mobile":{"background-color":"","background-image":"","background-repeat":"repeat","background-position":"center center","background-size":"auto","background-attachment":"scroll","background-type":"","background-media":"","overlay-type":"","overlay-color":"","overlay-opacity":"","overlay-gradient":""}},"ast-content-background-meta":{"desktop":{"background-color":"var(--ast-global-color-5)","background-image":"","background-repeat":"repeat","background-position":"center center","background-size":"auto","background-attachment":"scroll","background-type":"","background-media":"","overlay-type":"","overlay-color":"","overlay-opacity":"","overlay-gradient":""},"tablet":{"background-color":"var(--ast-global-color-5)","background-image":"","background-repeat":"repeat","background-position":"center center","background-size":"auto","background-attachment":"scroll","background-type":"","background-media":"","overlay-type":"","overlay-color":"","overlay-opacity":"","overlay-gradient":""},"mobile":{"background-color":"var(--ast-global-color-5)","background-image":"","background-repeat":"repeat","background-position":"center center","background-size":"auto","background-attachment":"scroll","background-type":"","background-media":"","overlay-type":"","overlay-color":"","overlay-opacity":"","overlay-gradient":""}},"footnotes":""},"class_list":["post-4822","page","type-page","status-publish","hentry"],"_links":{"self":[{"href":"https:\/\/theairlab.com\/fr\/wp-json\/wp\/v2\/pages\/4822","targetHints":{"allow":["GET"]}}],"collection":[{"href":"https:\/\/theairlab.com\/fr\/wp-json\/wp\/v2\/pages"}],"about":[{"href":"https:\/\/theairlab.com\/fr\/wp-json\/wp\/v2\/types\/page"}],"author":[{"embeddable":true,"href":"https:\/\/theairlab.com\/fr\/wp-json\/wp\/v2\/users\/1"}],"replies":[{"embeddable":true,"href":"https:\/\/theairlab.com\/fr\/wp-json\/wp\/v2\/comments?post=4822"}],"version-history":[{"count":1,"href":"https:\/\/theairlab.com\/fr\/wp-json\/wp\/v2\/pages\/4822\/revisions"}],"predecessor-version":[{"id":6671,"href":"https:\/\/theairlab.com\/fr\/wp-json\/wp\/v2\/pages\/4822\/revisions\/6671"}],"wp:attachment":[{"href":"https:\/\/theairlab.com\/fr\/wp-json\/wp\/v2\/media?parent=4822"}],"curies":[{"name":"wp","href":"https:\/\/api.w.org\/{rel}","templated":true}]}}